{"id":175,"date":"2024-12-04T16:36:50","date_gmt":"2024-12-04T16:36:50","guid":{"rendered":"https:\/\/www.crosshousing.org\/?page_id=175"},"modified":"2025-01-29T15:29:59","modified_gmt":"2025-01-29T15:29:59","slug":"para-crosshousers","status":"publish","type":"page","link":"https:\/\/www.crosshousing.org\/index.php\/para-crosshousers\/","title":{"rendered":"Para Crosshousers"},"content":{"rendered":"\n<p><strong>Sin gastar en Hotel sacando todo el partido a tu dinero<\/strong><\/p>\n\n\n\n<p>www<a href=\"https:\/\/hotelverse.tech\/press\/\">https:\/\/hotelverse.tech\/press\/<\/a><\/p>\n\n\n\n<p>Transformar el mecanismo de reservas de cuarto de&nbsp;<strong>hotel<\/strong>&nbsp;para convertirlo en una experiencia digital es la misi\u00f3n de Hotelverse, firma de origen espa\u00f1ol que llega a M\u00e9xico para apoyar a la&nbsp;<strong>industria hotelera<\/strong>, especialmente a las grandes cadenas, a ofrecer experiencias personalizadas y m\u00e1s rentables.<\/p>\n\n\n\n<p>La propuesta de la firma espa\u00f1ola se basa en una herramienta que funciona como&nbsp;<strong>gemelo digital<\/strong>, es decir que replica el espacio inmobiliario de un&nbsp;<strong>hotel<\/strong>&nbsp;en el mundo virtual para que el visitante pueda elegir los productos y servicios que se adapten a sus necesidades.<\/p>\n\n\n\n<p>El hu\u00e9sped tiene la posibilidad de sobrevolar el&nbsp;<strong>hotel&nbsp;<\/strong>y recorrerlo virtualmente, entendiendo su propuesta de valor (ubicaci\u00f3n, zonas comunes, exterior, alrededores) antes del viaje. El cliente adquiere un conocimiento completo de lo que reserva (tipo de cama, vista desde el balc\u00f3n, equipamiento, zona), por lo que puede escoger aquellos servicios que mejor se adecuan a sus necesidades\u201d, declar\u00f3 Ferm\u00edn Carmona, cofundador y director general de Hotelverse.<\/p>\n\n\n\n<p>De acuerdo con la informaci\u00f3n proporcionada, para la firma M\u00e9xico es un pa\u00eds con ampl\u00edo potencial para expandir su modelo de negocio, debido a que se encuentran grandes&nbsp;<strong>cadenas hoteleras<\/strong>&nbsp;y cuenta con&nbsp;<strong>destinos tur\u00edsticos<\/strong>&nbsp;que s<a href=\"https:\/\/www.eleconomista.com.mx\/empresas\/WTTC-pide-incentivos-para-descarbonizacion-del-turismo-en-Mexico-20220921-0013.html\" target=\"_blank\" rel=\"noreferrer noopener\">on demandados por el&nbsp;<strong>turismo<\/strong>&nbsp;extranjero<\/a>.<\/p>\n","protected":false},"excerpt":{"rendered":"<p>Sin gastar en Hotel sacando todo el partido a tu dinero wwwhttps:\/\/hotelverse.tech\/press\/ Transformar el mecanismo de reservas de cuarto de&nbsp;hotel&nbsp;para convertirlo en una experiencia digital es la misi\u00f3n de Hotelverse, firma de origen espa\u00f1ol que llega a M\u00e9xico para apoyar a la&nbsp;industria hotelera, especialmente a las grandes cadenas, a ofrecer [&hellip;]<\/p>\n","protected":false},"author":1,"featured_media":0,"parent":0,"menu_order":0,"comment_status":"closed","ping_status":"closed","template":"","meta":{"footnotes":""},"class_list":["post-175","page","type-page","status-publish","hentry"],"_links":{"self":[{"href":"https:\/\/www.crosshousing.org\/index.php\/wp-json\/wp\/v2\/pages\/175","targetHints":{"allow":["GET"]}}],"collection":[{"href":"https:\/\/www.crosshousing.org\/index.php\/wp-json\/wp\/v2\/pages"}],"about":[{"href":"https:\/\/www.crosshousing.org\/index.php\/wp-json\/wp\/v2\/types\/page"}],"author":[{"embeddable":true,"href":"https:\/\/www.crosshousing.org\/index.php\/wp-json\/wp\/v2\/users\/1"}],"replies":[{"embeddable":true,"href":"https:\/\/www.crosshousing.org\/index.php\/wp-json\/wp\/v2\/comments?post=175"}],"version-history":[{"count":3,"href":"https:\/\/www.crosshousing.org\/index.php\/wp-json\/wp\/v2\/pages\/175\/revisions"}],"predecessor-version":[{"id":532,"href":"https:\/\/www.crosshousing.org\/index.php\/wp-json\/wp\/v2\/pages\/175\/revisions\/532"}],"wp:attachment":[{"href":"https:\/\/www.crosshousing.org\/index.php\/wp-json\/wp\/v2\/media?parent=175"}],"curies":[{"name":"wp","href":"https:\/\/api.w.org\/{rel}","templated":true}]}}